{"id":688,"date":"2017-12-10T22:21:41","date_gmt":"2017-12-10T21:21:41","guid":{"rendered":"https:\/\/rosadefoc.noblogs.org\/?page_id=688"},"modified":"2017-12-10T22:21:41","modified_gmt":"2017-12-10T21:21:41","slug":"kurdish","status":"publish","type":"page","link":"https:\/\/rosadefoc.noblogs.org\/el\/projects\/self-education\/kurdish\/","title":{"rendered":"\u039a\u03bf\u03c5\u03c1\u03b4\u03b9\u03ba\u03ac"},"content":{"rendered":"<p>Em \u00ea h\u00ead\u00ee h\u00ead\u00ee <span id=\"result_box\" class=\"short_text\" lang=\"ku\"><span class=\"\">materyal \u00fb \u00e7avkan\u00ee barbikin.<\/span><\/span><\/p>\n<h2>Pirt\u00fbk<\/h2>\n<ul>\n<li><a href=\"https:\/\/rosadefoc.noblogs.org\/files\/2017\/11\/ku_freq-words.pdf\">Vocabulary<\/a><\/li>\n<li><a href=\"https:\/\/rosadefoc.noblogs.org\/files\/2017\/11\/Kurmanji_Kurdish_Fort_The_Beginners.pdf\">Kurmanji for Beginners<\/a><\/li>\n<li><a href=\"http:\/\/www.dengekurd.at\/ar\/assets\/Zimane-Kurdi\/hinker-1-Layout-1.pdf\">H\u00eenker<\/a> ji bo prat\u00eek<\/li>\n<\/ul>\n<h2>Bername<\/h2>\n<ul>\n<li><a href=\"https:\/\/apkpure.com\/wqferheng-kurdish-dictionary\/com.wqferheng\">WQ Ferheng<\/a> &#8211; ferhengek ji bo Android<\/li>\n<\/ul>\n<h2>Malper<\/h2>\n<ul>\n<li><a href=\"http:\/\/learnkurmanji.com\/\">LearnKurmanji.com<\/a><\/li>\n<\/ul>\n<h2>Medya<\/h2>\n<p><a href=\"https:\/\/www.youtube.com\/watch?v=u2SjZAIKHvc&amp;list=RDu2SjZAIKHvc\" target=\"_blank\" rel=\"noopener\">Zana \u00fb Andok<\/a> (stran)<\/p>\n","protected":false},"excerpt":{"rendered":"<p>Em \u00ea h\u00ead\u00ee h\u00ead\u00ee materyal \u00fb \u00e7avkan\u00ee barbikin. Pirt\u00fbk Vocabulary Kurmanji for Beginners H\u00eenker ji bo prat\u00eek Bername WQ Ferheng &#8211; ferhengek ji bo Android Malper LearnKurmanji.com Medya Zana \u00fb Andok (stran)<\/p>\n","protected":false},"author":11808,"featured_media":317,"parent":69,"menu_order":0,"comment_status":"closed","ping_status":"closed","template":"","meta":{"_locale":"el","_original_post":"684","footnotes":""},"class_list":["post-688","page","type-page","status-publish","has-post-thumbnail","hentry","el"],"_links":{"self":[{"href":"https:\/\/rosadefoc.noblogs.org\/wp-json\/wp\/v2\/pages\/688","targetHints":{"allow":["GET"]}}],"collection":[{"href":"https:\/\/rosadefoc.noblogs.org\/wp-json\/wp\/v2\/pages"}],"about":[{"href":"https:\/\/rosadefoc.noblogs.org\/wp-json\/wp\/v2\/types\/page"}],"author":[{"embeddable":true,"href":"https:\/\/rosadefoc.noblogs.org\/wp-json\/wp\/v2\/users\/11808"}],"replies":[{"embeddable":true,"href":"https:\/\/rosadefoc.noblogs.org\/wp-json\/wp\/v2\/comments?post=688"}],"version-history":[{"count":1,"href":"https:\/\/rosadefoc.noblogs.org\/wp-json\/wp\/v2\/pages\/688\/revisions"}],"predecessor-version":[{"id":689,"href":"https:\/\/rosadefoc.noblogs.org\/wp-json\/wp\/v2\/pages\/688\/revisions\/689"}],"up":[{"embeddable":true,"href":"https:\/\/rosadefoc.noblogs.org\/wp-json\/wp\/v2\/pages\/69"}],"wp:featuredmedia":[{"embeddable":true,"href":"https:\/\/rosadefoc.noblogs.org\/wp-json\/wp\/v2\/media\/317"}],"wp:attachment":[{"href":"https:\/\/rosadefoc.noblogs.org\/wp-json\/wp\/v2\/media?parent=688"}],"curies":[{"name":"wp","href":"https:\/\/api.w.org\/{rel}","templated":true}]}}